{"id":7862,"date":"2018-11-19T20:29:34","date_gmt":"2018-11-20T01:29:34","guid":{"rendered":"https:\/\/www.kundaliniawakeningprocess.com\/blog\/?page_id=7862"},"modified":"2018-11-19T20:29:34","modified_gmt":"2018-11-20T01:29:34","slug":"dr-glenn-j-morriss-kundalini-awakening-process-forklart","status":"publish","type":"page","link":"https:\/\/kundaliniawakeningprocess.com\/blog\/nn\/dr-glenn-j-morriss-kundalini-awakening-process-forklart\/","title":{"rendered":"Dr Glenn J Morris\u2019s Kundalini Awakening Process Forklart:"},"content":{"rendered":"<h2><span style=\"font-weight: 400;\">Dr Glenn J Morris\u2019s Kundalini Awakening Process Forklart:<\/span><\/h2>\n<p><b>Hva er kundalini? <\/b><\/p>\n<p><span style=\"font-weight: 400;\">Kundalini er ordet som fra tidenes morgen har blitt brukt for det biologiske og spirituelle potensialet som bor i menneskekroppen. Dette gjenspeiler potensialet som finnes i naturen (f.eks. lyn) eller i kosmos (f.eks Big Bang. ) \u00a0I 99.99% av mennesker ligger kundalini i dvale dypt i nerve- og hormonsystemet. Disse systemene er d\u00e5rlig synkronisert og har bare minimum n\u00f8dvendig kapasitet for \u00e5 holde deg i live. <\/span><\/p>\n<p>&nbsp;<\/p>\n<p><span style=\"font-weight: 400;\">Kundalinioppv\u00e5king skjer n\u00e5r forskjellige deler av hjernen, ryggraden og nervesystemet, sammen med forskjellige kjertler, begynner \u00e5 forynges og synkroniseres. <\/span><\/p>\n<p>&nbsp;<\/p>\n<p><span style=\"font-weight: 400;\">I hormonsystemet knyttes kj\u00f8nnskjertlene til kjertler i brystet, halsen og hjernen. Disse systemene forynges raskt, fungerer mer effektivt og begynner \u00e5 b\u00e6re st\u00f8rre bio-elektrisk trafikk gjennom kroppen. Medisinske unders\u00f8kelser gjort med EEG og EKG viser at \u201cv\u00e5kne\u201d personer har mer effektive mentale og biologiske prosesser. \u00a0\u00a0<\/span><\/p>\n<p>&nbsp;<\/p>\n<p><span style=\"font-weight: 400;\">Kundalini er det som for\u00e5rsaker den synlige fysiske opplysningen, karismaen og evnen til \u00e5 lege andre som helgener og profeter er kjent for. Enhver kunstelsker har sett mange fremstillinger av \u201copplyste\u201d &#8211; \u00a0Glorien og det gylne skinnet rundt helgener og hellige personer fra alle tradisjoner. <\/span><\/p>\n<p>&nbsp;<\/p>\n<p><span style=\"font-weight: 400;\">Kundalini har blitt symbolisert av merkurstaven (en stav omslynget av to slanger,) Moses brennende busk, slangen som svelger sin egen hale (oroboros\/ midgardsormen) Excalibur ( Kong Arthurs sverd,) den apostolske flammetungen, duens nedstigning, det kabbalistiske livet tre og s\u00e5 videre. \u00a0<\/span><\/p>\n<p><span style=\"font-weight: 400;\"><br \/>\n<\/span><span style=\"font-weight: 400;\">Kundalini er ansvarlig for evner som sterk intuisjon, og mental og fysisk dominans som tilskrives kampkunstens mestre. Blant disse finner du forfatter av \u201cBook of five rings,\u201d Miyamoto Musashi og grunnleggeren av aikido, \u00a0Morihei Ueshiba. <\/span><span style=\"font-weight: 400;\"><br \/>\n<\/span><span style=\"font-weight: 400;\"><br \/>\n<\/span><span style=\"font-weight: 400;\">Tilstedev\u00e6relsen av kundalini, den oppv\u00e5knede kroppen i esoterisk buddhisme, gir s\u00e5kalte siddhis. Disse mirakul\u00f8se evnene utl\u00f8ser sterkere intuisjon, st\u00f8rre karisma, personlighet, viljestyrke og geni. Da Vinci, Michelangelo og Einstein var alle v\u00e5kne. <\/span><\/p>\n<p><span style=\"font-weight: 400;\">For den som oppriktig s\u00f8ker s\u00e5 er det enda viktigere at den \u00f8kte vitale kraften gir enklere tilgang<\/span> <span style=\"font-weight: 400;\">til det siste steget gjennom d\u00f8ren til absolutt bevissthet (full oppv\u00e5kning) i meditasjon. <\/span><\/p>\n<p><b>Hva er KAP og hva kan du gj\u00f8re ved hjelp av KAP?<\/b><\/p>\n<p><span style=\"font-weight: 400;\">KAP er et enkelt sett ferdigheter som stimulerer de faktiske, fysiske endringene som oppleves i en kundalinioppv\u00e5kning. Deretter utvides kroppens nerve- og hormon-nettverk forsiktig for \u00e5 gj\u00f8re endringene permanente. <\/span><\/p>\n<p><span style=\"font-weight: 400;\">KAP bruker et ordnet, synkronisert system at \u00f8velser som benytter bevegelse, f\u00f8lelser, pust, visualisering og ledet bevissthet for \u00e5 vekke og bevege kunalin. Denne prosessen utvikler din egen bevissthet etter som de nevrologiske og hormonelle signalene utvikler seg. <\/span><\/p>\n<p><span style=\"font-weight: 400;\">Moderne og tradisjonelle ferdigheter settes sammen steg for steg til en daglig praksis p\u00e5 ca 40 minutter. I tillegg l\u00e6rer du ting du kan bruke i ledige \u00f8yeblikk og mens du gj\u00f8r daglige aktiviteter. \u00a0<\/span><\/p>\n<p><span style=\"font-weight: 400;\">KAP har positive tilleggseffekter som st\u00f8tter ut\u00f8veren i jobb og familieliv, b\u00e5de i tider med motgang og medgang. <\/span><\/p>\n<p><b>Hvordan l\u00e6re KAP. <\/b><\/p>\n<p><span style=\"font-weight: 400;\">Du kan l\u00e6re KAP b\u00e5de p\u00e5 kurs og via interaktive nettkurs. <\/span><span style=\"font-weight: 400;\"><br \/>\n<\/span><span style=\"font-weight: 400;\"><br \/>\n<\/span><span style=\"font-weight: 400;\">Kurs er normalt helgekurs p\u00e5 2 dager. Formatet er Ideelt for folk som l\u00e6rer raskt gjennom \u00e5 gj\u00f8re og hvis du liker \u00e5 l\u00e6re i fysisk fellesskap i en morsom, energisk gruppe. Tidligere deltakere repeterer ofte kursene (med store rabatter.) For mer informasjon om helgekurs trykk her &lt;insert link&gt;<\/span><\/p>\n<p><span style=\"font-weight: 400;\">Interaktive nettkurs kan gjennomf\u00f8res uavhengig av tid og sted. Kurset brytes ned i 12 moduler som tilbys over en periode p\u00e5 3 m\u00e5neder. Dette gj\u00f8r at du kan l\u00e6re steg for steg uansett livssituasjon. <\/span><\/p>\n<p><span style=\"font-weight: 400;\">Alt du trenger er tilgang p\u00e5 internett. Teknologien vi benytter fungerer med mobiltelefon, men vi anbefaler at du benytter en PC eller et nettbrett med h\u00f8yttalere. Klassene holdes s\u00e5 sm\u00e5 at alle f\u00e5r mulighet til \u00e5 delta, stille sp\u00f8rsm\u00e5l og f\u00e5 umiddelbare tilbakemeldinger. <\/span><\/p>\n<p><span style=\"font-weight: 400;\">Vi har studenter i alle verdensdeler og har separate kurs p\u00e5 flere spr\u00e5k. Studentene v\u00e5re er fra 18 til 81 \u00e5r. <\/span><\/p>\n<p><span style=\"font-weight: 400;\">For mer informasjon om nettkurs p\u00e5 norsk klikk her &lt;Insert link&gt;<\/span><\/p>\n<p><b>KAP Pensum<\/b><\/p>\n<p><b>KAP 1<\/b><span style=\"font-weight: 400;\">: Alt du trenger for trygg, rask og fullstendig kundalinioppv\u00e5king. Du l\u00e6rer \u00e5 forberede og mestre din egen kropp, kraft og ego-personlighet. Dette er det eneste kurset du trenger. Resten er bare til hjelp eller fordi du har glede av det.<\/span><span style=\"font-weight: 400;\"><br \/>\n<\/span><span style=\"font-weight: 400;\"><br \/>\n<\/span><span style=\"font-weight: 400;\">I KAP1 l\u00e6rer du \u00e5 aktiver din egen kundalini. Du vil ogs\u00e5 l\u00e6re hvordan du sirkulerer chi og hvordan du \u00f8ker din egen vitalitet gjennom \u00f8velse. Du vil f\u00e5 en erfaringsbasert innf\u00f8ring i Chi Kung, Godai (de 5 elementene,) kundalini meditasjon, progressiv avslapning og grunnleggende energihealing. Viktigst av alt s\u00e5 vil du bli mer og mer ekstatisk opplevelse. Hvis du ikke har tatt KAP1 enda kan du sikre plassen din her &lt;Insert link&gt;<\/span><\/p>\n<p><b>KAP 2<\/b><span style=\"font-weight: 400;\">: \u00d8ke, justere og dele vital kraft. <\/span><span style=\"font-weight: 400;\"><br \/>\n<\/span><span style=\"font-weight: 400;\"><br \/>\n<\/span><span style=\"font-weight: 400;\">I KAP2 s\u00e5 g\u00e5r du dypere og dypere inn i treningen og praksisen din. Omfatter chi kung, healing, kundalini meditasjon og tantra. Integrasjon av KAP1 og KAP2. Du blir flinkere til \u00e5 bevege og sirkulerer chi p\u00e5 uanstrengt m\u00e5te. Du kan reservere plassen din p\u00e5 neste kurs her &lt;insert link to available course and workshops \u00a0page&gt;<\/span><\/p>\n<p><b>KAP CE<\/b><span style=\"font-weight: 400;\">: KAP Creativity Enhancement. \u00a0L\u00e6r \u00e5 bruke KAP for \u00e5 utvide din fysiske, sensoriske og mentale kreativitet. Forutsetter KAP1. <\/span><\/p>\n<p><b>PSD 1<\/b><span style=\"font-weight: 400;\">: L\u00e6re \u00e5 beskytte livskraften og bevisstheten din fra alt fra negative f\u00f8lelser til psykiske angrep og svart magi. <\/span><\/p>\n<p><span style=\"font-weight: 400;\">I PSD blir du mer fortrolig med dine evner til \u00e5 bruke subtil energi. Du vil l\u00e6re \u00e5 forsvare og beskytte deg selv og dine omgivelser. Du vil ogs\u00e5 styrke evnen til \u00e5 lege. Kurset inneholder tidl\u00f8se metoder fra sjamanisme, silat, ninpo, tantra og intern kampkunst. Forutsetter KAP1. \u00a0<\/span><\/p>\n<p>&nbsp;<\/p>\n<p><b>KAP 3<\/b><span style=\"font-weight: 400;\">: KAP 3 omfatter tomhet (walking the void) og integrasjon av flere aspekter av selvet med b\u00e5de kundalini og de tre skattene i Taoismen. Kurset fokuserer p\u00e5 dypere integrasjon av de mentale og emosjonelle lagene av bevissthet med opplevelser langt utenfor det fysiske, og integrasjon av ekstase og tomhet. <\/span><\/p>\n<p><b>KAP 4<\/b><span style=\"font-weight: 400;\">: Kap 4 fokuserer p\u00e5 integrasjon av kausal bevissthet, ikke dualistisk oppmerksomhet og spontan skapelse fra tomhet\u2026\u2026\u2026&#8230;. <\/span><\/p>\n<p><b>Pris:<\/b><\/p>\n<ul>\n<li style=\"font-weight: 400;\"><span style=\"font-weight: 400;\">Vanlig pris for ett KAP-kurs: NOK 5500. <\/span><\/li>\n<li style=\"font-weight: 400;\"><span style=\"font-weight: 400;\">Nedbetalingsplan: 3 betalinger av NOK 2000 trukket automatisk hver 30. dag. <\/span><\/li>\n<li style=\"font-weight: 400;\"><span style=\"font-weight: 400;\">Repetere kurs:: 1000 kroner. <\/span><\/li>\n<\/ul>\n<p><b>Hva er grunnen til prisene:<\/b><\/p>\n<p><span style=\"font-weight: 400;\">I tillegg til verdien av de trygge, raske og kraftfulle prinsippene og teknikkene i KAP s\u00e5 betaler du f\u00e5r verdifull individuell st\u00f8tte under og etter kurset. <\/span><\/p>\n<p><span style=\"font-weight: 400;\">Kundalini b\u00e6rer med seg et stort potensiale for endring og faren for kundalini-syndrom n\u00e5r teknikk og tiln\u00e6rming ikke er riktig. Dr. Morris krevde at KAP aldri skulle bli redusert til bare informasjon. Tvert i mot stilte han som absolutt krav at alle instrukt\u00f8rene skal v\u00e6re tilgjengelige for sp\u00f8rsm\u00e5l og hjelp s\u00e5 lenge studentene har behov for det. Dette lever videre i KAP og alle som har deltatt p\u00e5 kurs har livslang tilgang p\u00e5 st\u00f8tte fra instrukt\u00f8rene s\u00e5 lenge de \u00a0f\u00f8lger r\u00e5dene som gis. <\/span><span style=\"font-weight: 400;\"><br \/>\n<\/span><span style=\"font-weight: 400;\"><br \/>\n<\/span><b>Avbestilling og refundering av kursavgift: <\/b><\/p>\n<p><span style=\"font-weight: 400;\">Avbestilling: Hvis du ikke har mulighet til \u00e5 delta m\u00e5 du umiddelbart underrette instrukt\u00f8ren og be om overf\u00f8ring til et framtidig kurs eller nettkurs med sammen instrukt\u00f8r. <\/span><\/p>\n<p><span style=\"font-weight: 400;\">Hvis instrukt\u00f8ren m\u00e5 flytte eller endre tidspunkt for et kurs kan studenten p\u00e5 samme m\u00e5te be om \u00e5 delta p\u00e5 et fremtidig kurs eller nettkurs med den samme instrukt\u00f8ren. <\/span><\/p>\n<p><span style=\"font-weight: 400;\">OM REFUNDERING AV KURSAVGIFT: \u00a0Fra og med 11\/11\/11 tilbyr vi ikke lengre refundering, bare overf\u00f8ring til et senere kurs med samme instrukt\u00f8r. Hvis du har meldt deg p\u00e5 et kurs kan du overf\u00f8res til et framtidig kurs. Det er normalt mulig \u00e5 skifte fra kurs til nettkurs og motsatt. Du kan be om unntak for \u00e5 f\u00e5 ta kurset med en annen instrukt\u00f8r, men vi gj\u00f8r oppmerksom p\u00e5 at kursavgiften betales direkte til den enkelte instrukt\u00f8r. Personlige sesjoner refunderes ikke. \u00a0\u00a0<\/span><\/p>\n<p><b>Opphavsrett:<\/b><\/p>\n<p><span style=\"font-weight: 400;\">All tekst, video og lyd, b\u00e5de opptak og live, omfattet av kurset er omfattet av opphavsrett. Dette inkluderer tekst-, lyd- og video- dialog med deltakerne. Alt innhold gj\u00f8re tilgjengelig bare for bruk av enkeltpersoner som har betalt kursavgift til privat bruk. Innhold skal ikke kopieres eller deles p\u00e5 noe vis uten eksplisitt skriftlig tillatelse. Ingen har mulighet til \u00e5 utgi seg som l\u00e6rere, instrukt\u00f8rer osv uten \u00e5 formelt bli anerkjent av f\u00f8rstegenerasjons instrukt\u00f8rer anerkjent av Dr. Morris. Alle instrukt\u00f8rer er offentlig omtalt p\u00e5 denne nettsiden. <\/span><span style=\"font-weight: 400;\"><br \/>\n<\/span><span style=\"font-weight: 400;\"><br \/>\n<\/span><b>St\u00f8tte, oppf\u00f8lging og fellesskap: <\/b><\/p>\n<p><span style=\"font-weight: 400;\">Etter kurset er det mulighet til \u00e5 delta i facebook grupper, ukentlige fellestreninger, webinarer og en til en kontakt med instrukt\u00f8rer. Kort sagt er det mange muligheter for \u00e5 delta i et fellesskap av norske og internasjonale ut\u00f8vere. <\/span><span style=\"font-weight: 400;\"><br \/>\n<\/span><span style=\"font-weight: 400;\"><br \/>\n<\/span><b>Andre vanlig sp\u00f8rsm\u00e5l? <\/b><\/p>\n<p><b>Jeg gj\u00f8r andre typer \u00f8velser. Kan jeg gj\u00f8re KAP samtidig?<\/b><\/p>\n<p><span style=\"font-weight: 400;\">Ja. P\u00e5 tross av hva andre l\u00e6rere og systemer kanskje har fortalt deg, s\u00e5 har hver teknikk et spesifikk effekt p\u00e5 fysiologi, subtil kropp og personlighet. S\u00e5 lenge du forteller oss hva du ut\u00f8ver vil vi l\u00e6re deg \u00e5 balansere alt du gj\u00f8r med KAP. \u00a0\u00a0<\/span><\/p>\n<p><b>Er KAP Kundalini Yoga?<\/b><\/p>\n<p><span style=\"font-weight: 400;\">Kundalini Yoga hadde tradisjonelt til hensikt \u00e5 vekke kundalini og sammensmelte ego-personligheten med denne evolusjon\u00e6re kraften og h\u00f8yere bevisstheten. I den forstand er KAP kulminasjonen av kundalini yoga. <\/span><span style=\"font-weight: 400;\"><br \/>\n<\/span><span style=\"font-weight: 400;\"><br \/>\n<\/span><span style=\"font-weight: 400;\">Det som skaper forvirring er at mange vestlige hatha yoga ut\u00f8vere forbinder Kundalini Yoga med hatha og kriya yoga systemet skapt av Yogi Bhaja, Sikh Dharma og 3HO. Han kalte sitt system \u201cKundalini Yoga som undervist av Yogi Bhajan.\u201d Av hundrevis av \u00f8velser han l\u00e6rte bort er bare en h\u00e5ndfull spesifikt egnet til \u00e5 vekke kundalini. \u00a0Bhajan var like briljant markedsf\u00f8rer som yogi og vel vitende om effekten av begrepet kundalini og den tilh\u00f8rende symbolikken valgte han \u00e5 kalle systemet sitt Kundalini yoga. P\u00e5 tross av dette er flertallet av teknikker i en Kundalini Yoga klasse ikke ment \u00e5 vekke kundalini. <\/span><\/p>\n<p><span style=\"font-weight: 400;\">En klassisk forst\u00e5else av \u201cKundalini Yoga inkluderer laya yoga, hatha yoga og tantrisk kriya yoga. I forlengelsen av dette finnes mange andre tradisjoner fra andre kulturer; alkymisk qigong, vestlig intern alkymi, Sioux-stammens soldans, kristen mystisisme, sufi indre \u00f8velser osv. KAP er en kraftig, \u00a0verdslig, str\u00f8mlinjeformet, moderne form for klassisk Kundalini Yoga og alkymisk qigong. <\/span><\/p>\n<p><b>Jeg har vondt i ryggen. Kan jeg gj\u00f8re KAP?<\/b><\/p>\n<p><span style=\"font-weight: 400;\">Vanligvis er svaret: Ja, hvis legen din sier det er greit. KAP kan gj\u00f8res sittende, st\u00e5ende og, hvis n\u00f8dvendig, liggende. Mange tidligere elever med ryggskader har lykkes med \u00e5 vekke kundalini ved hjelp av KAP i liggende posisjon. <\/span><\/p>\n<p><b>Jeg har et problem med helsen. Kan jeg gj\u00f8re KAP?<\/b><\/p>\n<p><span style=\"font-weight: 400;\">Det avhenger helt av hva legen din sier. KAP er en veldig trygg prosess som benytter dyp pust og \u00f8velser som forsterker f\u00f8lelser. Dette kan v\u00e6re uegnet for enkelte. <\/span><\/p>\n<p><span style=\"font-weight: 400;\">P\u00e5 generelt grunnlag er KAP uegnet for de med h\u00f8yt eller lavt blodsukker, hjertelidelser, bipolar lidelse, schizofreni, megalomani og diverse psykiske lidelser hvis de ikke f\u00f8lges tett av legen sin. Deltakelse m\u00e5 skje med legens fulle forst\u00e5else og tillatelse. <\/span><span style=\"font-weight: 400;\"><br \/>\n<\/span><span style=\"font-weight: 400;\"><br \/>\n<\/span><b>Jeg har ikke mye penger. Hvordan kan jeg l\u00e6re KAP? <\/b><\/p>\n<p><span style=\"font-weight: 400;\">Det avhenger av deg. I tillegg til ukentlige leksjoner s\u00e5 bruker instrukt\u00f8rene v\u00e5re tid p\u00e5 \u00e5 svare p\u00e5 epost og telefoner fra elever. Vi forblir tilgjengelige for elevene lenge etter gjennomf\u00f8rte kurs. Ekspertisen v\u00e5r er ekstremt verdifull og ganske uvanlig. <\/span><\/p>\n<p><span style=\"font-weight: 400;\">Send oss en respektfull, \u00e6rlig og detaljert tekst, lydfil eller video der du forklarer situasjonen din og hva du foresl\u00e5r i stedet for de vanlige betalingsordningene. <\/span><span style=\"font-weight: 400;\"><br \/>\n<\/span><span style=\"font-weight: 400;\"><br \/>\n<\/span><span style=\"font-weight: 400;\">Hvem er du? Hva gj\u00f8r du i familien og lokalsamfunnet ditt? Hva bruker du det du tjener p\u00e5? Bidrar du med frivillig innsats i lokalsamfunnet ditt? Lever og jobber du i et land med lavere inntekt, men har tilgang p\u00e5 internett? Er du en student eller pensjonist som har valgt \u00e5 leve p\u00e5 en bestemt inntekt, eller kunne du velge \u00e5 tjene mer? \u00a0Hvor mye bruker du p\u00e5 m\u00e5nedlig underholdning, tv, spill og \u00e5 spise ute. <\/span><\/p>\n<p><span style=\"font-weight: 400;\">Rimelig kostnad er situasjonsavhengig. Det er ogs\u00e5 v\u00e5r vilje til \u00e5 gi stipend eller andre betalingsplaner. Hvis du viser oss at det du foresl\u00e5r vil v\u00e6re et gode for alle (samfunnet du lever i, planeten, deg selv og KAP instrukt\u00f8ren) s\u00e5 kan de hende vi finner en l\u00f8sning. Hvis ikke vil vi be deg fors\u00f8ke igjen.<\/span><\/p>\n<p><b>Jeg har opplevd kundalinisyndrom. Kan KAP hjelpe meg?<\/b><\/p>\n<p><span style=\"font-weight: 400;\">Ja, KAP har innebygde \u201csikkerhetsventiler\u201d som er der for \u00e5 forhindre kundalinisyndrom i nye ut\u00f8vere og lege eksisterende ubalanser hos de som kommer fra andre systemer eller spontan oppv\u00e5kning. <\/span><\/p>\n<p><b>Jeg har tidligere opplevd at kundalini steg, men det stoppet opp\/ satte seg fast. \u00a0<\/b><\/p>\n<p><span style=\"font-weight: 400;\">KAP vil vise deg hvordan du f\u00e5r kundalini til \u00e5 bevege seg igjen. Prinsippene vi bruker virker p\u00e5 alle som har en kropp!<\/span><\/p>\n<p><b>Jeg opplevde kundalini tidligere i livet, men det har forsvunnet igjen. Kan KAP hjelpe meg? <\/b><\/p>\n<p><span style=\"font-weight: 400;\">Ja, vi har hjulpet mange som kom til oss i samme situasjon med \u00e5 helt og permanent vekke kundalini. <\/span><\/p>\n<p><b>Shaktipat, hva er det og hvordan vi gj\u00f8r det<\/b><span style=\"font-weight: 400;\">\u2026.<\/span><\/p>\n<p><span style=\"font-weight: 400;\">Kundalini Shaktipat er overf\u00f8ring av kundalini (shakti) fra en person til en annen. Dette gj\u00f8res via ber\u00f8ring, pust eller intensjon. Kundalini shakti skiller seg fra chi og prana i at den oppleves som en intelligent, skapende kraft. I ut\u00f8velsen av KAP kan den bli brukt som en katalysator eller akselerator for ut\u00f8verens fysiologiske endringer.<\/span><\/p>\n<p><span style=\"font-weight: 400;\">Shaktipat kan av og til for\u00e5rsake oppv\u00e5kning. N\u00e5r det er sagt s\u00e5 fungerer KAP helt uten shaktipat. <\/span><span style=\"font-weight: 400;\"><br \/>\n<\/span><span style=\"font-weight: 400;\"><br \/>\n<\/span><span style=\"font-weight: 400;\">Dr. Morris anbefalte at bare de som \u00f8ver jevnlig f\u00e5r shaktipat. Varsom shaktipat er innebygd i alle kurs, men du kan ogs\u00e5 velge \u00e5 f\u00e5 en 30 minutters individuell shaktipat. <\/span><\/p>\n","protected":false},"excerpt":{"rendered":"<p>Dr Glenn J Morris\u2019s Kundalini Awakening Process Forklart: Hva er kundalini? Kundalini er ordet som fra tidenes morgen har blitt &hellip; <a href=\"https:\/\/kundaliniawakeningprocess.com\/blog\/nn\/dr-glenn-j-morriss-kundalini-awakening-process-forklart\/\" class=\"more-link\">Continue reading <span class=\"screen-reader-text\">Dr Glenn J Morris\u2019s Kundalini Awakening Process Forklart:<\/span><\/a><\/p>\n","protected":false},"author":1,"featured_media":0,"parent":0,"menu_order":0,"comment_status":"closed","ping_status":"open","template":"","meta":{"footnotes":"","_links_to":"","_links_to_target":""},"class_list":["post-7862","page","type-page","status-publish","hentry"],"_links":{"self":[{"href":"https:\/\/kundaliniawakeningprocess.com\/blog\/wp-json\/wp\/v2\/pages\/7862","targetHints":{"allow":["GET"]}}],"collection":[{"href":"https:\/\/kundaliniawakeningprocess.com\/blog\/wp-json\/wp\/v2\/pages"}],"about":[{"href":"https:\/\/kundaliniawakeningprocess.com\/blog\/wp-json\/wp\/v2\/types\/page"}],"author":[{"embeddable":true,"href":"https:\/\/kundaliniawakeningprocess.com\/blog\/wp-json\/wp\/v2\/users\/1"}],"replies":[{"embeddable":true,"href":"https:\/\/kundaliniawakeningprocess.com\/blog\/wp-json\/wp\/v2\/comments?post=7862"}],"version-history":[{"count":1,"href":"https:\/\/kundaliniawakeningprocess.com\/blog\/wp-json\/wp\/v2\/pages\/7862\/revisions"}],"predecessor-version":[{"id":7863,"href":"https:\/\/kundaliniawakeningprocess.com\/blog\/wp-json\/wp\/v2\/pages\/7862\/revisions\/7863"}],"wp:attachment":[{"href":"https:\/\/kundaliniawakeningprocess.com\/blog\/wp-json\/wp\/v2\/media?parent=7862"}],"curies":[{"name":"wp","href":"https:\/\/api.w.org\/{rel}","templated":true}]}}