{"id":7864,"date":"2018-11-19T20:32:53","date_gmt":"2018-11-20T01:32:53","guid":{"rendered":"https:\/\/www.kundaliniawakeningprocess.com\/blog\/?page_id=7864"},"modified":"2018-11-19T20:32:53","modified_gmt":"2018-11-20T01:32:53","slug":"hva-er-is-k-a-p","status":"publish","type":"page","link":"https:\/\/kundaliniawakeningprocess.com\/blog\/nn\/hva-er-is-k-a-p\/","title":{"rendered":"Hva er is K.A.P.?"},"content":{"rendered":"<h1><span style=\"font-weight: 400;\">Hva er is K.A.P.? (Dr. Glenn J. Morris\u2019s Improved Kundalini Awakening Process)<\/span><\/h1>\n<p><span style=\"font-weight: 400;\"><br \/>\n<\/span><span style=\"font-weight: 400;\">KAP er et enkelt sett ferdigheter som alle kan l\u00e6re. \u00a0De stimulerer de faktiske, fysiske endringene som oppleves i en kundalinioppv\u00e5kning. Deretter utvides kroppens nerve- og hormon-nettverk forsiktig for \u00e5 gj\u00f8re endringene permanente. <\/span><span style=\"font-weight: 400;\"><br \/>\n<\/span><span style=\"font-weight: 400;\"><br \/>\n<\/span><span style=\"font-weight: 400;\">KAP bruker et ordnet, synkronisert system at \u00f8velser som benytter bevegelse, f\u00f8lelser, pust, visualisering og ledet bevissthet for \u00e5 vekke og bevege kunalin. Denne prosessen utvikler din egen bevissthet etter som de nevrologiske og hormonelle signalene utvikler seg.<\/span><span style=\"font-weight: 400;\"><br \/>\n<\/span><span style=\"font-weight: 400;\"><br \/>\n<\/span><span style=\"font-weight: 400;\">Moderne og tradisjonelle ferdigheter settes sammen steg for steg til en daglig \u00f8velse p\u00e5 ca 40 minutter. I tillegg l\u00e6rer du ting du kan bruke i ledige \u00f8yeblikk og mens du gj\u00f8r daglige aktiviteter. \u00a0<\/span><span style=\"font-weight: 400;\"><br \/>\n<\/span><span style=\"font-weight: 400;\"><br \/>\n<\/span><span style=\"font-weight: 400;\">KAP har positive tilleggseffekter som st\u00f8tter deg \u00a0i jobb og familieliv, b\u00e5de i tider med motgang og medgang.<\/span><span style=\"font-weight: 400;\"><br \/>\n<\/span><span style=\"font-weight: 400;\"><br \/>\n<\/span><span style=\"font-weight: 400;\">KAP er forkortelsen for Dr. Morris\u00b4 Improved Kundalini Awakening Process. Oversatt til norsk betyr det \u201cDr. Morris sin forbedrede prosess for \u00e5 vekke kundalini.\u201d <\/span><\/p>\n<p>&nbsp;<\/p>\n","protected":false},"excerpt":{"rendered":"<p>Hva er is K.A.P.? (Dr. Glenn J. Morris\u2019s Improved Kundalini Awakening Process) KAP er et enkelt sett ferdigheter som alle &hellip; <a href=\"https:\/\/kundaliniawakeningprocess.com\/blog\/nn\/hva-er-is-k-a-p\/\" class=\"more-link\">Continue reading <span class=\"screen-reader-text\">Hva er is K.A.P.?<\/span><\/a><\/p>\n","protected":false},"author":1,"featured_media":0,"parent":0,"menu_order":0,"comment_status":"closed","ping_status":"closed","template":"","meta":{"footnotes":"","_links_to":"","_links_to_target":""},"class_list":["post-7864","page","type-page","status-publish","hentry"],"_links":{"self":[{"href":"https:\/\/kundaliniawakeningprocess.com\/blog\/wp-json\/wp\/v2\/pages\/7864","targetHints":{"allow":["GET"]}}],"collection":[{"href":"https:\/\/kundaliniawakeningprocess.com\/blog\/wp-json\/wp\/v2\/pages"}],"about":[{"href":"https:\/\/kundaliniawakeningprocess.com\/blog\/wp-json\/wp\/v2\/types\/page"}],"author":[{"embeddable":true,"href":"https:\/\/kundaliniawakeningprocess.com\/blog\/wp-json\/wp\/v2\/users\/1"}],"replies":[{"embeddable":true,"href":"https:\/\/kundaliniawakeningprocess.com\/blog\/wp-json\/wp\/v2\/comments?post=7864"}],"version-history":[{"count":1,"href":"https:\/\/kundaliniawakeningprocess.com\/blog\/wp-json\/wp\/v2\/pages\/7864\/revisions"}],"predecessor-version":[{"id":7865,"href":"https:\/\/kundaliniawakeningprocess.com\/blog\/wp-json\/wp\/v2\/pages\/7864\/revisions\/7865"}],"wp:attachment":[{"href":"https:\/\/kundaliniawakeningprocess.com\/blog\/wp-json\/wp\/v2\/media?parent=7864"}],"curies":[{"name":"wp","href":"https:\/\/api.w.org\/{rel}","templated":true}]}}