{"id":7870,"date":"2018-11-19T20:43:27","date_gmt":"2018-11-20T01:43:27","guid":{"rendered":"https:\/\/www.kundaliniawakeningprocess.com\/blog\/?page_id=7870"},"modified":"2018-11-19T20:43:27","modified_gmt":"2018-11-20T01:43:27","slug":"hvorfor-gjore-kap","status":"publish","type":"page","link":"https:\/\/kundaliniawakeningprocess.com\/blog\/nn\/hvorfor-gjore-kap\/","title":{"rendered":"Hvorfor gj\u00f8re KAP?"},"content":{"rendered":"<p><a href=\"https:\/\/www.kundaliniawakeningprocess.com\/blog\/why-do-kap\/\"><span style=\"font-weight: 400;\">https:\/\/www.kundaliniawakeningprocess.com\/blog\/why-do-kap\/<\/span><\/a><\/p>\n<p>&nbsp;<\/p>\n<h1><span style=\"font-weight: 400;\">Hvorfor gj\u00f8re KAP?<\/span><\/h1>\n<p><span style=\"font-weight: 400;\">Prosessen<\/span><\/p>\n<ul>\n<li style=\"font-weight: 400;\"><span style=\"font-weight: 400;\">KAP1-kurset gir deg alt som trengs for \u00e5 raskt vekke kundalini <\/span><span style=\"font-weight: 400;\"><br \/>\n<\/span><\/li>\n<li style=\"font-weight: 400;\"><span style=\"font-weight: 400;\"> Det \u00a0leder deg trygt gjennom prosessen med \u00e5 permanent oppgradere funksjonen av nerve- og hormonsystemene<\/span><\/li>\n<li style=\"font-weight: 400;\"><\/li>\n<li style=\"font-weight: 400;\"><span style=\"font-weight: 400;\">Du \u00a0l\u00e6rer \u00e5 bringe meridian og chakrasystemene inn i en tilstand av flyt og balanse fra bekkenbunnen og halebeinet, opp over kronen og ned igjen via hjertet og jorden. <\/span><\/li>\n<li style=\"font-weight: 400;\"><\/li>\n<li style=\"font-weight: 400;\"><span style=\"font-weight: 400;\">Prosessen f\u00f8rer til en permanent og fullstendig kundalini oppv\u00e5kning. <\/span><\/li>\n<\/ul>\n<p><span style=\"font-weight: 400;\">Resultatet:; <\/span><\/p>\n<ul>\n<li style=\"font-weight: 400;\"><span style=\"font-weight: 400;\">Permanent kundalini oppv\u00e5kning &#8211; Den opplyste koppen. <\/span><span style=\"font-weight: 400;\">\n<p><\/span><\/li>\n<li style=\"font-weight: 400;\"><span style=\"font-weight: 400;\">KAP-ut\u00f8vere har sterke opplevelser av jording, flyt, karisma, driv, kj\u00e6rlighet, kommunikasjon, kroppsbevissthet, intuisjon, ekstase og indre rom.<\/span><\/li>\n<li style=\"font-weight: 400;\"><span style=\"font-weight: 400;\">Ut\u00f8vere opplever \u00e5 forene det individuelle med det transpersonlige og det menneskelige med det overmenneskelige. Noe som en konsekvens de fysiologisk endringene og andre ting som f\u00f8lge av \u00e5 fortsette \u00f8velsene. <\/span><span style=\"font-weight: 400;\">\n<p><\/span><\/li>\n<\/ul>\n<p><span style=\"font-weight: 400;\">Forenklet sagt er en trygg kundaliniaktivering den ultimate selvutviklingsteknikken.<\/span><\/p>\n","protected":false},"excerpt":{"rendered":"<p>https:\/\/www.kundaliniawakeningprocess.com\/blog\/why-do-kap\/ &nbsp; Hvorfor gj\u00f8re KAP? Prosessen KAP1-kurset gir deg alt som trengs for \u00e5 raskt vekke kundalini Det \u00a0leder deg &hellip; <a href=\"https:\/\/kundaliniawakeningprocess.com\/blog\/nn\/hvorfor-gjore-kap\/\" class=\"more-link\">Continue reading <span class=\"screen-reader-text\">Hvorfor gj\u00f8re KAP?<\/span><\/a><\/p>\n","protected":false},"author":1,"featured_media":0,"parent":0,"menu_order":0,"comment_status":"closed","ping_status":"closed","template":"","meta":{"footnotes":"","_links_to":"","_links_to_target":""},"class_list":["post-7870","page","type-page","status-publish","hentry"],"_links":{"self":[{"href":"https:\/\/kundaliniawakeningprocess.com\/blog\/wp-json\/wp\/v2\/pages\/7870","targetHints":{"allow":["GET"]}}],"collection":[{"href":"https:\/\/kundaliniawakeningprocess.com\/blog\/wp-json\/wp\/v2\/pages"}],"about":[{"href":"https:\/\/kundaliniawakeningprocess.com\/blog\/wp-json\/wp\/v2\/types\/page"}],"author":[{"embeddable":true,"href":"https:\/\/kundaliniawakeningprocess.com\/blog\/wp-json\/wp\/v2\/users\/1"}],"replies":[{"embeddable":true,"href":"https:\/\/kundaliniawakeningprocess.com\/blog\/wp-json\/wp\/v2\/comments?post=7870"}],"version-history":[{"count":1,"href":"https:\/\/kundaliniawakeningprocess.com\/blog\/wp-json\/wp\/v2\/pages\/7870\/revisions"}],"predecessor-version":[{"id":7871,"href":"https:\/\/kundaliniawakeningprocess.com\/blog\/wp-json\/wp\/v2\/pages\/7870\/revisions\/7871"}],"wp:attachment":[{"href":"https:\/\/kundaliniawakeningprocess.com\/blog\/wp-json\/wp\/v2\/media?parent=7870"}],"curies":[{"name":"wp","href":"https:\/\/api.w.org\/{rel}","templated":true}]}}